{"id":7173,"date":"2023-03-07T15:28:43","date_gmt":"2023-03-07T13:28:43","guid":{"rendered":"https:\/\/yopuu.louru.fi\/?page_id=7173"},"modified":"2023-06-13T15:40:08","modified_gmt":"2023-06-13T12:40:08","slug":"tietosuojaseloste","status":"publish","type":"page","link":"https:\/\/yllaksenyopuu.com\/de\/tietosuojaseloste\/","title":{"rendered":"Datenschutz-Grundverordnung"},"content":{"rendered":"<div data-elementor-type=\"wp-page\" data-elementor-id=\"7173\" class=\"elementor elementor-7173\" data-elementor-post-type=\"page\">\n\t\t\t\t\t\t<section data-particle_enable=\"false\" data-particle-mobile-disabled=\"false\" class=\"elementor-section elementor-top-section elementor-element elementor-element-acf87bc elementor-section-height-min-height elementor-section-boxed elementor-section-height-default elementor-section-items-middle\" data-id=\"acf87bc\" data-element_type=\"section\" data-e-type=\"section\" data-settings=\"{&quot;background_background&quot;:&quot;classic&quot;,&quot;shape_divider_bottom&quot;:&quot;mountains&quot;}\">\n\t\t\t\t\t<div class=\"elementor-shape elementor-shape-bottom\" aria-hidden=\"true\" data-negative=\"false\">\n\t\t\t<svg xmlns=\"http:\/\/www.w3.org\/2000\/svg\" viewbox=\"0 0 1000 100\" preserveaspectratio=\"none\">\n\t<path class=\"elementor-shape-fill\" opacity=\"0.33\" d=\"M473,67.3c-203.9,88.3-263.1-34-320.3,0C66,119.1,0,59.7,0,59.7V0h1000v59.7 c0,0-62.1,26.1-94.9,29.3c-32.8,3.3-62.8-12.3-75.8-22.1C806,49.6,745.3,8.7,694.9,4.7S492.4,59,473,67.3z\"\/>\n\t<path class=\"elementor-shape-fill\" opacity=\"0.66\" d=\"M734,67.3c-45.5,0-77.2-23.2-129.1-39.1c-28.6-8.7-150.3-10.1-254,39.1 s-91.7-34.4-149.2,0C115.7,118.3,0,39.8,0,39.8V0h1000v36.5c0,0-28.2-18.5-92.1-18.5C810.2,18.1,775.7,67.3,734,67.3z\"\/>\n\t<path class=\"elementor-shape-fill\" d=\"M766.1,28.9c-200-57.5-266,65.5-395.1,19.5C242,1.8,242,5.4,184.8,20.6C128,35.8,132.3,44.9,89.9,52.5C28.6,63.7,0,0,0,0 h1000c0,0-9.9,40.9-83.6,48.1S829.6,47,766.1,28.9z\"\/>\n<\/svg>\t\t<\/div>\n\t\t\t\t\t<div class=\"elementor-container elementor-column-gap-default\">\n\t\t\t\t\t<div class=\"elementor-column elementor-col-100 elementor-top-column elementor-element elementor-element-caba102\" data-id=\"caba102\" data-element_type=\"column\" data-e-type=\"column\">\n\t\t\t<div class=\"elementor-widget-wrap elementor-element-populated\">\n\t\t\t\t\t\t<div class=\"elementor-element elementor-element-b41af55 elementor-widget elementor-widget-heading\" data-id=\"b41af55\" data-element_type=\"widget\" data-e-type=\"widget\" data-widget_type=\"heading.default\">\n\t\t\t\t<div class=\"elementor-widget-container\">\n\t\t\t\t\t<h2 class=\"elementor-heading-title elementor-size-default\">Yll\u00e4ksen y\u00f6puus<\/h2>\t\t\t\t<\/div>\n\t\t\t\t<\/div>\n\t\t\t\t<div class=\"elementor-element elementor-element-d6c4a12 elementor-widget elementor-widget-heading\" data-id=\"d6c4a12\" data-element_type=\"widget\" data-e-type=\"widget\" data-widget_type=\"heading.default\">\n\t\t\t\t<div class=\"elementor-widget-container\">\n\t\t\t\t\t<h2 class=\"elementor-heading-title elementor-size-default\">Datenschutzerkl\u00e4rung<\/h2>\t\t\t\t<\/div>\n\t\t\t\t<\/div>\n\t\t\t\t\t<\/div>\n\t\t<\/div>\n\t\t\t\t\t<\/div>\n\t\t<\/section>\n\t\t\t\t<section data-particle_enable=\"false\" data-particle-mobile-disabled=\"false\" class=\"elementor-section elementor-top-section elementor-element elementor-element-ca469ba elementor-section-height-min-height elementor-section-boxed elementor-section-height-default elementor-section-items-middle\" data-id=\"ca469ba\" data-element_type=\"section\" data-e-type=\"section\" data-settings=\"{&quot;background_background&quot;:&quot;classic&quot;,&quot;shape_divider_top&quot;:&quot;mountains&quot;}\">\n\t\t\t\t\t\t\t<div class=\"elementor-background-overlay\"><\/div>\n\t\t\t\t\t\t<div class=\"elementor-shape elementor-shape-top\" aria-hidden=\"true\" data-negative=\"false\">\n\t\t\t<svg xmlns=\"http:\/\/www.w3.org\/2000\/svg\" viewbox=\"0 0 1000 100\" preserveaspectratio=\"none\">\n\t<path class=\"elementor-shape-fill\" opacity=\"0.33\" d=\"M473,67.3c-203.9,88.3-263.1-34-320.3,0C66,119.1,0,59.7,0,59.7V0h1000v59.7 c0,0-62.1,26.1-94.9,29.3c-32.8,3.3-62.8-12.3-75.8-22.1C806,49.6,745.3,8.7,694.9,4.7S492.4,59,473,67.3z\"\/>\n\t<path class=\"elementor-shape-fill\" opacity=\"0.66\" d=\"M734,67.3c-45.5,0-77.2-23.2-129.1-39.1c-28.6-8.7-150.3-10.1-254,39.1 s-91.7-34.4-149.2,0C115.7,118.3,0,39.8,0,39.8V0h1000v36.5c0,0-28.2-18.5-92.1-18.5C810.2,18.1,775.7,67.3,734,67.3z\"\/>\n\t<path class=\"elementor-shape-fill\" d=\"M766.1,28.9c-200-57.5-266,65.5-395.1,19.5C242,1.8,242,5.4,184.8,20.6C128,35.8,132.3,44.9,89.9,52.5C28.6,63.7,0,0,0,0 h1000c0,0-9.9,40.9-83.6,48.1S829.6,47,766.1,28.9z\"\/>\n<\/svg>\t\t<\/div>\n\t\t\t\t\t<div class=\"elementor-container elementor-column-gap-default\">\n\t\t\t\t\t<div class=\"elementor-column elementor-col-100 elementor-top-column elementor-element elementor-element-c185e4c\" data-id=\"c185e4c\" data-element_type=\"column\" data-e-type=\"column\">\n\t\t\t<div class=\"elementor-widget-wrap\">\n\t\t\t\t\t\t\t<\/div>\n\t\t<\/div>\n\t\t\t\t\t<\/div>\n\t\t<\/section>\n\t\t\t\t<section data-particle_enable=\"false\" data-particle-mobile-disabled=\"false\" class=\"elementor-section elementor-top-section elementor-element elementor-element-63b4c307 elementor-section-height-min-height elementor-section-boxed elementor-section-height-default elementor-section-items-middle\" data-id=\"63b4c307\" data-element_type=\"section\" data-e-type=\"section\" data-settings=\"{&quot;background_background&quot;:&quot;classic&quot;}\">\n\t\t\t\t\t\t\t<div class=\"elementor-background-overlay\"><\/div>\n\t\t\t\t\t\t\t<div class=\"elementor-container elementor-column-gap-default\">\n\t\t\t\t\t<div class=\"elementor-column elementor-col-100 elementor-top-column elementor-element elementor-element-46d8b43e\" data-id=\"46d8b43e\" data-element_type=\"column\" data-e-type=\"column\">\n\t\t\t<div class=\"elementor-widget-wrap elementor-element-populated\">\n\t\t\t\t\t\t<div class=\"elementor-element elementor-element-680525ed elementor-widget elementor-widget-heading\" data-id=\"680525ed\" data-element_type=\"widget\" data-e-type=\"widget\" data-widget_type=\"heading.default\">\n\t\t\t\t<div class=\"elementor-widget-container\">\n\t\t\t\t\t<h2 class=\"elementor-heading-title elementor-size-default\">Register- und Datenschutzrichtlinie<\/h2>\t\t\t\t<\/div>\n\t\t\t\t<\/div>\n\t\t\t\t<div class=\"elementor-element elementor-element-5f509b42 elementor-widget elementor-widget-text-editor\" data-id=\"5f509b42\" data-element_type=\"widget\" data-e-type=\"widget\" data-widget_type=\"text-editor.default\">\n\t\t\t\t<div class=\"elementor-widget-container\">\n\t\t\t\t\t\t\t\t\t<p>Dies ist das Register- und Datenschutzschema des Yll\u00e4ksen Y\u00f6puu gem\u00e4\u00df der EU-Datenschutz-Grundverordnung (DSGVO). Erstellt am 07.03.2023.<\/p>\t\t\t\t\t\t\t\t<\/div>\n\t\t\t\t<\/div>\n\t\t\t\t<div class=\"elementor-element elementor-element-6f47b857 elementor-widget elementor-widget-heading\" data-id=\"6f47b857\" data-element_type=\"widget\" data-e-type=\"widget\" data-widget_type=\"heading.default\">\n\t\t\t\t<div class=\"elementor-widget-container\">\n\t\t\t\t\t<h3 class=\"elementor-heading-title elementor-size-default\">Verantwortlicher<\/h3>\t\t\t\t<\/div>\n\t\t\t\t<\/div>\n\t\t\t\t<div class=\"elementor-element elementor-element-15168e90 elementor-widget elementor-widget-text-editor\" data-id=\"15168e90\" data-element_type=\"widget\" data-e-type=\"widget\" data-widget_type=\"text-editor.default\">\n\t\t\t\t<div class=\"elementor-widget-container\">\n\t\t\t\t\t\t\t\t\t<p><span class=\"elementor-icon-list-text\">Yll\u00e4ksen Y\u00f6puu<br \/><\/span><\/p><p><span class=\"elementor-icon-list-text\">Tunturintie 18 B<br \/>95970 \u00c4k\u00e4slompolo<\/span><\/p>\t\t\t\t\t\t\t\t<\/div>\n\t\t\t\t<\/div>\n\t\t\t\t<div class=\"elementor-element elementor-element-5dead8b8 elementor-widget elementor-widget-heading\" data-id=\"5dead8b8\" data-element_type=\"widget\" data-e-type=\"widget\" data-widget_type=\"heading.default\">\n\t\t\t\t<div class=\"elementor-widget-container\">\n\t\t\t\t\t<h3 class=\"elementor-heading-title elementor-size-default\">Anfragen zum Datenschutz<\/h3>\t\t\t\t<\/div>\n\t\t\t\t<\/div>\n\t\t\t\t<div class=\"elementor-element elementor-element-79bb9642 elementor-widget elementor-widget-text-editor\" data-id=\"79bb9642\" data-element_type=\"widget\" data-e-type=\"widget\" data-widget_type=\"text-editor.default\">\n\t\t\t\t<div class=\"elementor-widget-container\">\n\t\t\t\t\t\t\t\t\t<p>Datenschutzanfragen werden beantwortet von <a href=\"mailto:info@louru.fi\">Louru Oy<\/a>.<\/p>\t\t\t\t\t\t\t\t<\/div>\n\t\t\t\t<\/div>\n\t\t\t\t<div class=\"elementor-element elementor-element-518938b4 elementor-widget elementor-widget-heading\" data-id=\"518938b4\" data-element_type=\"widget\" data-e-type=\"widget\" data-widget_type=\"heading.default\">\n\t\t\t\t<div class=\"elementor-widget-container\">\n\t\t\t\t\t<h3 class=\"elementor-heading-title elementor-size-default\">Registername<\/h3>\t\t\t\t<\/div>\n\t\t\t\t<\/div>\n\t\t\t\t<div class=\"elementor-element elementor-element-1322f0fb elementor-widget elementor-widget-text-editor\" data-id=\"1322f0fb\" data-element_type=\"widget\" data-e-type=\"widget\" data-widget_type=\"text-editor.default\">\n\t\t\t\t<div class=\"elementor-widget-container\">\n\t\t\t\t\t\t\t\t\t<p>Benutzerregister des Online-Dienstes Yll\u00e4ksen Y\u00f6puu.<\/p>\t\t\t\t\t\t\t\t<\/div>\n\t\t\t\t<\/div>\n\t\t\t\t<div class=\"elementor-element elementor-element-2728bdf1 elementor-widget elementor-widget-heading\" data-id=\"2728bdf1\" data-element_type=\"widget\" data-e-type=\"widget\" data-widget_type=\"heading.default\">\n\t\t\t\t<div class=\"elementor-widget-container\">\n\t\t\t\t\t<h3 class=\"elementor-heading-title elementor-size-default\">Zweck der Verarbeitung personenbezogener Daten<\/h3>\t\t\t\t<\/div>\n\t\t\t\t<\/div>\n\t\t\t\t<div class=\"elementor-element elementor-element-45dd61f0 elementor-widget elementor-widget-text-editor\" data-id=\"45dd61f0\" data-element_type=\"widget\" data-e-type=\"widget\" data-widget_type=\"text-editor.default\">\n\t\t\t\t<div class=\"elementor-widget-container\">\n\t\t\t\t\t\t\t\t\t<p>Der Zweck der Verarbeitung personenbezogener Daten ist die Kontaktaufnahme mit Kunden, die Pflege von Kundenbeziehungen und das Marketing. Dar\u00fcber hinaus k\u00f6nnen die gesammelten Daten zur Verbesserung des Online-Dienstes verwendet werden. Die Daten werden nicht f\u00fcr automatisierte Entscheidungsfindung oder Profiling verwendet.<\/p>\t\t\t\t\t\t\t\t<\/div>\n\t\t\t\t<\/div>\n\t\t\t\t<div class=\"elementor-element elementor-element-78d53c63 elementor-widget elementor-widget-heading\" data-id=\"78d53c63\" data-element_type=\"widget\" data-e-type=\"widget\" data-widget_type=\"heading.default\">\n\t\t\t\t<div class=\"elementor-widget-container\">\n\t\t\t\t\t<h3 class=\"elementor-heading-title elementor-size-default\">Dateninhalt des Registers<\/h3>\t\t\t\t<\/div>\n\t\t\t\t<\/div>\n\t\t\t\t<div class=\"elementor-element elementor-element-41966634 elementor-widget elementor-widget-text-editor\" data-id=\"41966634\" data-element_type=\"widget\" data-e-type=\"widget\" data-widget_type=\"text-editor.default\">\n\t\t\t\t<div class=\"elementor-widget-container\">\n\t\t\t\t\t\t\t\t\t<p>Zu den im Register zu speichernden Informationen geh\u00f6ren: Name der Person, Name des Unternehmens, Kontaktdaten (Telefonnummer, E-Mail-Adresse, Adresse), Adressen von Websites, Informationen \u00fcber bestellte Dienstleistungen und deren \u00c4nderungen, Rechnungsdaten, sonstige Informationen im Zusammenhang mit der Kundenbeziehung und den bestellten Dienstleistungen.<\/p><p>Die Daten werden vorerst aufbewahrt.<\/p>\t\t\t\t\t\t\t\t<\/div>\n\t\t\t\t<\/div>\n\t\t\t\t<div class=\"elementor-element elementor-element-6372d7c8 elementor-widget elementor-widget-heading\" data-id=\"6372d7c8\" data-element_type=\"widget\" data-e-type=\"widget\" data-widget_type=\"heading.default\">\n\t\t\t\t<div class=\"elementor-widget-container\">\n\t\t\t\t\t<h3 class=\"elementor-heading-title elementor-size-default\">Regelm\u00e4\u00dfige Informationsquellen<\/h3>\t\t\t\t<\/div>\n\t\t\t\t<\/div>\n\t\t\t\t<div class=\"elementor-element elementor-element-501bdde elementor-widget elementor-widget-text-editor\" data-id=\"501bdde\" data-element_type=\"widget\" data-e-type=\"widget\" data-widget_type=\"text-editor.default\">\n\t\t\t\t<div class=\"elementor-widget-container\">\n\t\t\t\t\t\t\t\t\t<p>Die in das Register aufzunehmenden Daten werden vom Kunden per E-Mail, Telefon, \u00fcber Social-Media-Dienste, aus Vertr\u00e4gen, bei Kundengespr\u00e4chen und in anderen Situationen, in denen der Kunde seine Daten weitergibt, erfasst.<\/p><p>Informationen \u00fcber Ansprechpartner von Unternehmen und anderen Organisationen k\u00f6nnen auch aus \u00f6ffentlichen Quellen wie Websites, Verzeichnissen und anderen Unternehmen gesammelt werden.<\/p>\t\t\t\t\t\t\t\t<\/div>\n\t\t\t\t<\/div>\n\t\t\t\t<div class=\"elementor-element elementor-element-ab5d6ed elementor-widget elementor-widget-heading\" data-id=\"ab5d6ed\" data-element_type=\"widget\" data-e-type=\"widget\" data-widget_type=\"heading.default\">\n\t\t\t\t<div class=\"elementor-widget-container\">\n\t\t\t\t\t<h3 class=\"elementor-heading-title elementor-size-default\">Daten\u00fcbertragung au\u00dferhalb der EU oder des EWR<\/h3>\t\t\t\t<\/div>\n\t\t\t\t<\/div>\n\t\t\t\t<div class=\"elementor-element elementor-element-48b5bd11 elementor-widget elementor-widget-text-editor\" data-id=\"48b5bd11\" data-element_type=\"widget\" data-e-type=\"widget\" data-widget_type=\"text-editor.default\">\n\t\t\t\t<div class=\"elementor-widget-container\">\n\t\t\t\t\t\t\t\t\t<p>Informationen werden grunds\u00e4tzlich nicht an Dritte weitergegeben. Informationen k\u00f6nnen in dem Umfang ver\u00f6ffentlicht werden, in dem dies mit dem Kunden vereinbart wurde. Informationen k\u00f6nnen vom Verantwortlichen auch au\u00dferhalb der EU oder des EWR \u00fcbermittelt werden.<\/p>\t\t\t\t\t\t\t\t<\/div>\n\t\t\t\t<\/div>\n\t\t\t\t<div class=\"elementor-element elementor-element-1168caff elementor-widget elementor-widget-heading\" data-id=\"1168caff\" data-element_type=\"widget\" data-e-type=\"widget\" data-widget_type=\"heading.default\">\n\t\t\t\t<div class=\"elementor-widget-container\">\n\t\t\t\t\t<h3 class=\"elementor-heading-title elementor-size-default\">Grunds\u00e4tze des Schutzes personenbezogener Daten<\/h3>\t\t\t\t<\/div>\n\t\t\t\t<\/div>\n\t\t\t\t<div class=\"elementor-element elementor-element-5a0576c6 elementor-widget elementor-widget-text-editor\" data-id=\"5a0576c6\" data-element_type=\"widget\" data-e-type=\"widget\" data-widget_type=\"text-editor.default\">\n\t\t\t\t<div class=\"elementor-widget-container\">\n\t\t\t\t\t\t\t\t\t<p>Der Verantwortliche stellt sicher, dass die gespeicherten Daten sowie die Serverzugriffsrechte und andere f\u00fcr die Sicherheit personenbezogener Daten wichtige Informationen vertraulich und nur von den Mitarbeitern behandelt werden, deren Arbeitsaufgaben dies erfordern.<\/p>\t\t\t\t\t\t\t\t<\/div>\n\t\t\t\t<\/div>\n\t\t\t\t<div class=\"elementor-element elementor-element-4548872 elementor-widget elementor-widget-heading\" data-id=\"4548872\" data-element_type=\"widget\" data-e-type=\"widget\" data-widget_type=\"heading.default\">\n\t\t\t\t<div class=\"elementor-widget-container\">\n\t\t\t\t\t<h3 class=\"elementor-heading-title elementor-size-default\">Risiken<\/h3>\t\t\t\t<\/div>\n\t\t\t\t<\/div>\n\t\t\t\t<div class=\"elementor-element elementor-element-508b9e39 elementor-widget elementor-widget-text-editor\" data-id=\"508b9e39\" data-element_type=\"widget\" data-e-type=\"widget\" data-widget_type=\"text-editor.default\">\n\t\t\t\t<div class=\"elementor-widget-container\">\n\t\t\t\t\t\t\t\t\t<p>Risiken im Zusammenhang mit personenbezogenen Daten sind unter anderem Datenlecks. Die im Register gespeicherten personenbezogenen Daten werden vor unbefugtem Zugriff auf die Daten sowie vor versehentlicher oder rechtswidriger Zerst\u00f6rung, Ver\u00e4nderung, Offenlegung, \u00dcbermittlung oder jeder anderen rechtswidrigen Verarbeitung gesch\u00fctzt.<\/p>\t\t\t\t\t\t\t\t<\/div>\n\t\t\t\t<\/div>\n\t\t\t\t<div class=\"elementor-element elementor-element-3bc0c103 elementor-widget elementor-widget-heading\" data-id=\"3bc0c103\" data-element_type=\"widget\" data-e-type=\"widget\" data-widget_type=\"heading.default\">\n\t\t\t\t<div class=\"elementor-widget-container\">\n\t\t\t\t\t<h3 class=\"elementor-heading-title elementor-size-default\">Pr\u00fcfrecht und Rechte im Zusammenhang mit der Verarbeitung personenbezogener Daten<\/h3>\t\t\t\t<\/div>\n\t\t\t\t<\/div>\n\t\t\t\t<div class=\"elementor-element elementor-element-7a580483 elementor-widget elementor-widget-text-editor\" data-id=\"7a580483\" data-element_type=\"widget\" data-e-type=\"widget\" data-widget_type=\"text-editor.default\">\n\t\t\t\t<div class=\"elementor-widget-container\">\n\t\t\t\t\t\t\t\t\t<p>Jede Person, \u00fcber die Daten im Register gef\u00fchrt werden, hat das Recht, die in das Register eingetragenen Daten einzusehen und die Berichtigung falscher oder die Erg\u00e4nzung unvollst\u00e4ndiger Daten zu verlangen.<\/p><p>Wenn eine Person die \u00fcber sie gespeicherten Daten einsehen, eine Berichtigung verlangen oder die L\u00f6schung der sie betreffenden personenbezogenen Daten beantragen m\u00f6chte, ist der Antrag schriftlich an den Verantwortlichen zu richten. Der Verantwortliche kann gegebenenfalls den Antragsteller auffordern, seine Identit\u00e4t nachzuweisen. Der Verantwortliche wird dem Kunden innerhalb der in der EU-Datenschutzgrundverordnung festgelegten Frist (grunds\u00e4tzlich innerhalb eines Monats) antworten.<\/p>\t\t\t\t\t\t\t\t<\/div>\n\t\t\t\t<\/div>\n\t\t\t\t<div class=\"elementor-element elementor-element-4b409264 elementor-widget elementor-widget-heading\" data-id=\"4b409264\" data-element_type=\"widget\" data-e-type=\"widget\" data-widget_type=\"heading.default\">\n\t\t\t\t<div class=\"elementor-widget-container\">\n\t\t\t\t\t<h2 class=\"elementor-heading-title elementor-size-default\">Kekse und Besucher-Tracking<\/h2>\t\t\t\t<\/div>\n\t\t\t\t<\/div>\n\t\t\t\t<div class=\"elementor-element elementor-element-5618b8cc elementor-widget elementor-widget-text-editor\" data-id=\"5618b8cc\" data-element_type=\"widget\" data-e-type=\"widget\" data-widget_type=\"text-editor.default\">\n\t\t\t\t<div class=\"elementor-widget-container\">\n\t\t\t\t\t\t\t\t\t<p>Besucherdaten und Statistiken der Website werden \u00fcber den Webanalysedienst Google Analytics auf den Servern von Google gespeichert, die sich auch au\u00dferhalb des EWR (in Privacy Shield-L\u00e4ndern) befinden k\u00f6nnen.<\/p>\t\t\t\t\t\t\t\t<\/div>\n\t\t\t\t<\/div>\n\t\t\t\t<div class=\"elementor-element elementor-element-3cb4fe15 elementor-widget elementor-widget-heading\" data-id=\"3cb4fe15\" data-element_type=\"widget\" data-e-type=\"widget\" data-widget_type=\"heading.default\">\n\t\t\t\t<div class=\"elementor-widget-container\">\n\t\t\t\t\t<h2 class=\"elementor-heading-title elementor-size-default\">Was sind Cookies?<\/h2>\t\t\t\t<\/div>\n\t\t\t\t<\/div>\n\t\t\t\t<div class=\"elementor-element elementor-element-2fcb7f23 elementor-widget elementor-widget-text-editor\" data-id=\"2fcb7f23\" data-element_type=\"widget\" data-e-type=\"widget\" data-widget_type=\"text-editor.default\">\n\t\t\t\t<div class=\"elementor-widget-container\">\n\t\t\t\t\t\t\t\t\t<p>Cookies sind kleine Textdateien, die beim Besuch einer Website auf dem Ger\u00e4t des Benutzers gespeichert werden. Bei jedem Besuch werden diese Cookies an die Website zur\u00fcckgesendet, die den Cookie erkennt. Cookies k\u00f6nnen unter anderem verwendet werden, um das Ger\u00e4t des Benutzers zu identifizieren, vom Benutzer auf der Website getroffene Auswahlen zu speichern und Anmeldeinformationen zu speichern. Cookies k\u00f6nnen auch zur Besucher\u00fcberwachung implementiert werden, die darauf abzielt, beispielsweise die Benutzererfahrung zu verbessern und Werbung zu personalisieren.<\/p>\t\t\t\t\t\t\t\t<\/div>\n\t\t\t\t<\/div>\n\t\t\t\t<div class=\"elementor-element elementor-element-5fb5b6bb elementor-widget elementor-widget-heading\" data-id=\"5fb5b6bb\" data-element_type=\"widget\" data-e-type=\"widget\" data-widget_type=\"heading.default\">\n\t\t\t\t<div class=\"elementor-widget-container\">\n\t\t\t\t\t<h2 class=\"elementor-heading-title elementor-size-default\">Auf der Website verwendete Cookies<\/h2>\t\t\t\t<\/div>\n\t\t\t\t<\/div>\n\t\t\t\t<div class=\"elementor-element elementor-element-6f329733 elementor-widget elementor-widget-text-editor\" data-id=\"6f329733\" data-element_type=\"widget\" data-e-type=\"widget\" data-widget_type=\"text-editor.default\">\n\t\t\t\t<div class=\"elementor-widget-container\">\n\t\t\t\t\t\t\t\t\t<p>Diese Website verwendet Google Analytics, einen Webanalysedienst von Google Inc. (\u201eGoogle\u201c). Google Analytics verwendet sog. \u201eCookies\u201c, Textdateien, die auf Ihrem Computer gespeichert werden und die eine Analyse Ihrer Benutzung der Website erm\u00f6glichen. Die durch das Cookie erzeugten Informationen \u00fcber Ihre Benutzung dieser Website werden in der Regel an einen Server von Google in den USA \u00fcbertragen und dort gespeichert. Im Falle der Aktivierung der Anonymisierung des IP-Standorts auf dieser Website wird Ihre IP-Adresse von Google jedoch innerhalb von Mitgliedstaaten der Europ\u00e4ischen Union oder in anderen Vertragsstaaten des Abkommens \u00fcber den Europ\u00e4ischen Wirtschaftsraum zuvor gek\u00fcrzt. Nur in Ausnahmef\u00e4llen wird die volle IP-Adresse an einen Server von Google in den USA \u00fcbertragen und dort gek\u00fcrzt. Google wird diese Informationen im Auftrag des Betreibers dieser Website benutzen, um Ihre Nutzung der Website auszuwerten, um Berichte \u00fcber die Websiteaktivit\u00e4ten zusammenzustellen und um weitere mit der Websitenutzung und der Internetnutzung verbundene Dienstleistungen gegen\u00fcber dem Websitebetreiber zu erbringen. Die im Rahmen von Google Analytics von Ihrem Browser \u00fcbermittelte IP-Adresse wird nicht mit anderen Daten von Google zusammengef\u00fchrt. Sie k\u00f6nnen die Speicherung der Cookies durch eine entsprechende Einstellung Ihrer Browser-Software verhindern; wir weisen Sie jedoch darauf hin, dass Sie in diesem Fall gegebenenfalls nicht s\u00e4mtliche Funktionen dieser Website vollumf\u00e4nglich nutzen k\u00f6nnen. Sie k\u00f6nnen dar\u00fcber hinaus die Erfassung der durch das Cookie erzeugten und auf Ihre Nutzung der Website bezogenen Daten (inkl. Ihrer IP-Adresse) an Google sowie die Verarbeitung dieser Daten durch Google verhindern, indem sie das unter dem folgenden Link verf\u00fcgbare Browser-Plugin herunterladen und installieren: http:\/\/tools.google.com\/dlpage\/gaoptout?hl=de.<\/p><ul><li>vom Ger\u00e4t<\/li><li>Ort<\/li><li>besuchte Seiten (auf dieser Website)<\/li><li>avatuista linkeist\u00e4<\/li><li>Besuchszeit<\/li><li>Ankunftsdatum.<br \/><br \/><\/li><\/ul><p>Diese Webseite kann eingebettete Inhalte aus anderen Quellen enthalten. Das Laden oder \u00d6ffnen von eingebetteten Inhalten ist vergleichbar mit dem Besuch einer Webseite eines Drittanbieters durch den Nutzer.<\/p>\t\t\t\t\t\t\t\t<\/div>\n\t\t\t\t<\/div>\n\t\t\t\t<div class=\"elementor-element elementor-element-8c6daf2 elementor-widget elementor-widget-heading\" data-id=\"8c6daf2\" data-element_type=\"widget\" data-e-type=\"widget\" data-widget_type=\"heading.default\">\n\t\t\t\t<div class=\"elementor-widget-container\">\n\t\t\t\t\t<h2 class=\"elementor-heading-title elementor-size-default\">Zuweisung gesammelter Daten zu einer Person<\/h2>\t\t\t\t<\/div>\n\t\t\t\t<\/div>\n\t\t\t\t<div class=\"elementor-element elementor-element-6669b8e6 elementor-widget elementor-widget-text-editor\" data-id=\"6669b8e6\" data-element_type=\"widget\" data-e-type=\"widget\" data-widget_type=\"text-editor.default\">\n\t\t\t\t<div class=\"elementor-widget-container\">\n\t\t\t\t\t\t\t\t\t<p>Keine gesammelten Daten k\u00f6nnen Personen zugeordnet werden, da IP-Adressen und andere Identifikatoren von Personen aus den Berichten entfernt wurden. Google Analytics-Berichte liefern ungef\u00e4hre Zahlen zur Besucherzahl, Informationen \u00fcber deren Ger\u00e4te und ihr Verhalten auf dieser Website.<\/p>\t\t\t\t\t\t\t\t<\/div>\n\t\t\t\t<\/div>\n\t\t\t\t\t<\/div>\n\t\t<\/div>\n\t\t\t\t\t<\/div>\n\t\t<\/section>\n\t\t\t\t<\/div>","protected":false},"excerpt":{"rendered":"<p>Yll\u00e4ksen y\u00f6puun Tietosuoja&shy;seloste Rekisteri- ja tietosuojaseloste T\u00e4m\u00e4 on Yll\u00e4ksen Y\u00f6puun EU:n yleisen tietosuoja-asetuksen (GDPR) mukainen rekisteri- ja tietosuojaseloste. Laadittu 7.3.2023. Rekisterinpit\u00e4j\u00e4 Yll\u00e4ksen Y\u00f6puu Tunturintie 18 B95970 \u00c4k\u00e4slompolo Tietosuojaan liittyv\u00e4t pyynn\u00f6t Tietosuojapyynn\u00f6ist\u00e4 vastaa Louru Oy. Rekisterin nimi Yll\u00e4ksen Y\u00f6puun verkkopalvelun k\u00e4ytt\u00e4j\u00e4rekisteri. Henkil\u00f6tietojen k\u00e4sittelyn tarkoitus Henkil\u00f6tietojen k\u00e4sittelyn tarkoitus on yhteydenpito asiakkaisiin, asiakassuhteen yll\u00e4pito ja markkinointi. Lis\u00e4ksi ker\u00e4ttyj\u00e4 [&hellip;]<\/p>\n","protected":false},"author":1,"featured_media":0,"parent":0,"menu_order":0,"comment_status":"closed","ping_status":"closed","template":"","meta":{"footnotes":""},"class_list":["post-7173","page","type-page","status-publish","hentry"],"_links":{"self":[{"href":"https:\/\/yllaksenyopuu.com\/de\/wp-json\/wp\/v2\/pages\/7173","targetHints":{"allow":["GET"]}}],"collection":[{"href":"https:\/\/yllaksenyopuu.com\/de\/wp-json\/wp\/v2\/pages"}],"about":[{"href":"https:\/\/yllaksenyopuu.com\/de\/wp-json\/wp\/v2\/types\/page"}],"author":[{"embeddable":true,"href":"https:\/\/yllaksenyopuu.com\/de\/wp-json\/wp\/v2\/users\/1"}],"replies":[{"embeddable":true,"href":"https:\/\/yllaksenyopuu.com\/de\/wp-json\/wp\/v2\/comments?post=7173"}],"version-history":[{"count":34,"href":"https:\/\/yllaksenyopuu.com\/de\/wp-json\/wp\/v2\/pages\/7173\/revisions"}],"predecessor-version":[{"id":8089,"href":"https:\/\/yllaksenyopuu.com\/de\/wp-json\/wp\/v2\/pages\/7173\/revisions\/8089"}],"wp:attachment":[{"href":"https:\/\/yllaksenyopuu.com\/de\/wp-json\/wp\/v2\/media?parent=7173"}],"curies":[{"name":"wp","href":"https:\/\/api.w.org\/{rel}","templated":true}]}}